{"id":377,"date":"2023-09-11T23:09:14","date_gmt":"2023-09-11T21:09:14","guid":{"rendered":"http:\/\/medile.fr\/?page_id=377"},"modified":"2024-08-11T02:02:28","modified_gmt":"2024-08-11T00:02:28","slug":"nutrition-et-micronutrition","status":"publish","type":"page","link":"http:\/\/medile.fr\/?page_id=377","title":{"rendered":"Nutrition et Micronutrition"},"content":{"rendered":"\t\t<div data-elementor-type=\"wp-page\" data-elementor-id=\"377\" class=\"elementor elementor-377\">\n\t\t\t\t\t\t<section class=\"elementor-section elementor-top-section elementor-element elementor-element-206947a elementor-section-boxed elementor-section-height-default elementor-section-height-default\" data-id=\"206947a\" data-element_type=\"section\">\n\t\t\t\t\t\t<div class=\"elementor-container elementor-column-gap-default\">\n\t\t\t\t\t<div class=\"elementor-column elementor-col-50 elementor-top-column elementor-element elementor-element-523a75a\" data-id=\"523a75a\" data-element_type=\"column\">\n\t\t\t<div class=\"elementor-widget-wrap elementor-element-populated\">\n\t\t\t\t\t\t<div class=\"elementor-element elementor-element-51a503b elementor-widget elementor-widget-image\" data-id=\"51a503b\" data-element_type=\"widget\" data-widget_type=\"image.default\">\n\t\t\t\t<div class=\"elementor-widget-container\">\n\t\t\t\t\t\t\t\t\t\t\t\t\t<img fetchpriority=\"high\" decoding=\"async\" width=\"800\" height=\"534\" src=\"http:\/\/medile.fr\/wp-content\/uploads\/2023\/01\/AdobeStock_216302404-1024x683.jpeg\" class=\"attachment-large size-large wp-image-49\" alt=\"\" srcset=\"http:\/\/medile.fr\/wp-content\/uploads\/2023\/01\/AdobeStock_216302404-1024x683.jpeg 1024w, http:\/\/medile.fr\/wp-content\/uploads\/2023\/01\/AdobeStock_216302404-300x200.jpeg 300w, http:\/\/medile.fr\/wp-content\/uploads\/2023\/01\/AdobeStock_216302404-768x513.jpeg 768w, http:\/\/medile.fr\/wp-content\/uploads\/2023\/01\/AdobeStock_216302404-1536x1025.jpeg 1536w\" sizes=\"(max-width: 800px) 100vw, 800px\" \/>\t\t\t\t\t\t\t\t\t\t\t\t\t<\/div>\n\t\t\t\t<\/div>\n\t\t\t\t\t<\/div>\n\t\t<\/div>\n\t\t\t\t<div class=\"elementor-column elementor-col-50 elementor-top-column elementor-element elementor-element-ad3209f\" data-id=\"ad3209f\" data-element_type=\"column\">\n\t\t\t<div class=\"elementor-widget-wrap elementor-element-populated\">\n\t\t\t\t\t\t<div class=\"elementor-element elementor-element-7468d99 elementor-widget elementor-widget-text-editor\" data-id=\"7468d99\" data-element_type=\"widget\" data-widget_type=\"text-editor.default\">\n\t\t\t\t<div class=\"elementor-widget-container\">\n\t\t\t\t\t\t\t<h2 data-sourcepos=\"5:1-5:83\"><b>Le coaching nutritionnel : votre alli\u00e9 pour une alimentation \u00e9quilibr\u00e9e<\/b><\/h2><p data-sourcepos=\"7:1-7:17\"><strong>Introduction:<\/strong><\/p><ul data-sourcepos=\"9:1-9:17\"><li data-sourcepos=\"9:1-9:17\"><strong>Qu&rsquo;est-ce que le coaching nutritionnel ?<\/strong> C&rsquo;est un accompagnement personnalis\u00e9 qui vous aide \u00e0 adopter de nouvelles habitudes alimentaires saines et durables.<\/li><li data-sourcepos=\"10:1-10:18\"><strong>Pourquoi faire appel \u00e0 un m\u00e9decin ?<\/strong> Pour atteindre vos objectifs (perte de poids, gain de masse musculaire, am\u00e9lioration de la sant\u00e9&#8230;) et les maintenir dans le temps.<\/li><\/ul><p data-sourcepos=\"12:1-12:44\"><strong>Les b\u00e9n\u00e9fices du coaching nutritionnel :<\/strong><\/p><ul data-sourcepos=\"14:1-18:0\"><li data-sourcepos=\"14:1-14:91\"><strong>Personnalisation :<\/strong> Un programme adapt\u00e9 \u00e0 vos besoins, vos go\u00fbts et votre mode de vie.<\/li><li data-sourcepos=\"15:1-15:86\"><strong>Accompagnement:<\/strong> Un soutien constant pour vous aider \u00e0 surmonter les difficult\u00e9s.<\/li><li data-sourcepos=\"16:1-16:94\"><strong>\u00c9ducation:<\/strong> Des connaissances sur les aliments et la nutrition pour vous rendre autonome.<\/li><li data-sourcepos=\"17:1-18:0\"><strong>Motivation:<\/strong> Un boost pour rester sur la bonne voie.<\/li><\/ul><p data-sourcepos=\"19:1-19:15\"><strong>Conclusion:<\/strong><\/p><p data-sourcepos=\"21:1-21:162\">Le coaching nutritionnel, c&rsquo;est l&rsquo;opportunit\u00e9 de retrouver une relation saine avec la nourriture et de vous sentir bien dans votre corps.<\/p><p data-sourcepos=\"21:1-21:162\">Le coaching nutritionnel, c&rsquo;est l&rsquo;investissement dans votre sant\u00e9 et votre bien-\u00eatre.<\/p><p data-sourcepos=\"21:1-21:162\">N&rsquo;h\u00e9sitez pas \u00e0 faire le premier pas vers une alimentation plus \u00e9quilibr\u00e9e !<\/p>\t\t\t\t\t\t<\/div>\n\t\t\t\t<\/div>\n\t\t\t\t\t<\/div>\n\t\t<\/div>\n\t\t\t\t\t<\/div>\n\t\t<\/section>\n\t\t\t\t<\/div>\n\t\t","protected":false},"excerpt":{"rendered":"<p>Le coaching nutritionnel : votre alli\u00e9 pour une alimentation \u00e9quilibr\u00e9e Introduction: Qu&rsquo;est-ce que le coaching nutritionnel ? C&rsquo;est un accompagnement personnalis\u00e9 qui vous aide \u00e0 adopter de nouvelles habitudes alimentaires saines et durables. Pourquoi faire appel \u00e0 un m\u00e9decin ? Pour atteindre vos objectifs (perte de poids, gain de masse musculaire, am\u00e9lioration de la sant\u00e9&#8230;) [&hellip;]<\/p>\n","protected":false},"author":1,"featured_media":0,"parent":21,"menu_order":0,"comment_status":"closed","ping_status":"closed","template":"","meta":{"inline_featured_image":false,"footnotes":""},"class_list":["post-377","page","type-page","status-publish","hentry"],"_links":{"self":[{"href":"http:\/\/medile.fr\/index.php?rest_route=\/wp\/v2\/pages\/377"}],"collection":[{"href":"http:\/\/medile.fr\/index.php?rest_route=\/wp\/v2\/pages"}],"about":[{"href":"http:\/\/medile.fr\/index.php?rest_route=\/wp\/v2\/types\/page"}],"author":[{"embeddable":true,"href":"http:\/\/medile.fr\/index.php?rest_route=\/wp\/v2\/users\/1"}],"replies":[{"embeddable":true,"href":"http:\/\/medile.fr\/index.php?rest_route=%2Fwp%2Fv2%2Fcomments&post=377"}],"version-history":[{"count":7,"href":"http:\/\/medile.fr\/index.php?rest_route=\/wp\/v2\/pages\/377\/revisions"}],"predecessor-version":[{"id":1033,"href":"http:\/\/medile.fr\/index.php?rest_route=\/wp\/v2\/pages\/377\/revisions\/1033"}],"up":[{"embeddable":true,"href":"http:\/\/medile.fr\/index.php?rest_route=\/wp\/v2\/pages\/21"}],"wp:attachment":[{"href":"http:\/\/medile.fr\/index.php?rest_route=%2Fwp%2Fv2%2Fmedia&parent=377"}],"curies":[{"name":"wp","href":"https:\/\/api.w.org\/{rel}","templated":true}]}}