{"id":847,"date":"2024-08-09T00:46:52","date_gmt":"2024-08-08T22:46:52","guid":{"rendered":"http:\/\/medile.fr\/?page_id=847"},"modified":"2024-08-09T02:22:25","modified_gmt":"2024-08-09T00:22:25","slug":"la-medecine-generale-a-lere-des-technologies-avancees","status":"publish","type":"page","link":"http:\/\/medile.fr\/?page_id=847","title":{"rendered":"La m\u00e9decine g\u00e9n\u00e9rale \u00e0 l&rsquo;\u00e8re des technologies avanc\u00e9es"},"content":{"rendered":"\t\t<div data-elementor-type=\"wp-page\" data-elementor-id=\"847\" class=\"elementor elementor-847\">\n\t\t\t\t\t\t<section class=\"elementor-section elementor-top-section elementor-element elementor-element-6bc749de elementor-section-content-top elementor-section-boxed elementor-section-height-default elementor-section-height-default\" data-id=\"6bc749de\" data-element_type=\"section\">\n\t\t\t\t\t\t<div class=\"elementor-container elementor-column-gap-default\">\n\t\t\t\t\t<div class=\"elementor-column elementor-col-100 elementor-top-column elementor-element elementor-element-5645da63\" data-id=\"5645da63\" data-element_type=\"column\">\n\t\t\t<div class=\"elementor-widget-wrap elementor-element-populated\">\n\t\t\t\t\t\t<div class=\"elementor-element elementor-element-e48b3d2 elementor-widget elementor-widget-text-editor\" data-id=\"e48b3d2\" data-element_type=\"widget\" data-widget_type=\"text-editor.default\">\n\t\t\t\t<div class=\"elementor-widget-container\">\n\t\t\t\t\t\t\t<p><!-- wp:paragraph --><\/p>\n<p>\u00a0<\/p>\n<p><img fetchpriority=\"high\" decoding=\"async\" class=\"aligncenter wp-image-770\" src=\"http:\/\/medile.fr\/wp-content\/uploads\/2024\/08\/Medecine-innovante-300x158.jpg\" alt=\"\" width=\"600\" height=\"317\" srcset=\"http:\/\/medile.fr\/wp-content\/uploads\/2024\/08\/Medecine-innovante-300x158.jpg 300w, http:\/\/medile.fr\/wp-content\/uploads\/2024\/08\/Medecine-innovante.jpg 309w\" sizes=\"(max-width: 600px) 100vw, 600px\" \/><\/p>\n<p><!-- \/wp:paragraph --><!-- wp:heading {\"level\":4} --><\/p>\n<h4 class=\"wp-block-heading\"><em>Introduction<\/em><\/h4>\n<p><!-- \/wp:heading --><!-- wp:paragraph --><\/p>\n<p>Bienvenue sur notre page d\u00e9di\u00e9e \u00e0 la m\u00e9decine g\u00e9n\u00e9rale de pointe. Nous sommes fiers d&rsquo;offrir \u00e0 nos patients des soins de sant\u00e9 complets et innovants, int\u00e9grant les derni\u00e8res avanc\u00e9es technologiques pour une prise en charge optimale. Notre \u00e9quipe utilise des outils modernes pour diagnostiquer et traiter diverses conditions m\u00e9dicales, garantissant des soins pr\u00e9cis et personnalis\u00e9s.<\/p>\n<p><!-- \/wp:paragraph --><!-- wp:heading {\"level\":4} --><\/p>\n<h4 class=\"wp-block-heading\"><em>Nos Services Innovants<\/em><\/h4>\n<p><!-- \/wp:heading --><!-- wp:heading {\"level\":5} --><\/p>\n<h5 class=\"wp-block-heading\"><em>1. \u00c9chographie<\/em><\/h5>\n<p><img decoding=\"async\" class=\"alignnone wp-image-763 size-full\" src=\"http:\/\/medile.fr\/wp-content\/uploads\/2024\/08\/echographie-Elsan-fiches-pathologies.jpg\" alt=\"\" width=\"640\" height=\"430\" srcset=\"http:\/\/medile.fr\/wp-content\/uploads\/2024\/08\/echographie-Elsan-fiches-pathologies.jpg 640w, http:\/\/medile.fr\/wp-content\/uploads\/2024\/08\/echographie-Elsan-fiches-pathologies-300x202.jpg 300w\" sizes=\"(max-width: 640px) 100vw, 640px\" \/><\/p>\n<div>\u00a0<\/div>\n<p><!-- \/wp:heading --><!-- wp:paragraph --><\/p>\n<p>L&rsquo;\u00e9chographie est une technique d&rsquo;imagerie m\u00e9dicale non invasive utilisant des ultrasons pour visualiser les organes internes. Elle est particuli\u00e8rement utile pour diagnostiquer les affections abdominales, pelviennes et musculaires. Gr\u00e2ce \u00e0 notre \u00e9quipement de pointe, nous offrons des \u00e9chographies en cabinet pour un diagnostic rapide et pr\u00e9cis.<\/p>\n<p><!-- \/wp:paragraph --><!-- wp:heading {\"level\":5} --><\/p>\n<h5 class=\"wp-block-heading\"><em>2. Spirom\u00e9trie<\/em><\/h5>\n<p><img decoding=\"async\" class=\"aligncenter\" src=\"https:\/\/spirometry.com\/media\/original_images\/2020\/01\/Minispir_2664-1.png\" alt=\"Minispir Handheld PC-Based Spirometer with BTPS Sensor - MIR\" width=\"568\" height=\"378\" \/><\/p>\n<p><!-- \/wp:heading --><!-- wp:paragraph --><\/p>\n<p>La spirom\u00e9trie est un test de la fonction pulmonaire qui mesure la quantit\u00e9 d&rsquo;air que vous pouvez expirer et la vitesse \u00e0 laquelle vous le faites. C&rsquo;est un outil essentiel pour diagnostiquer et surveiller des maladies respiratoires comme l&rsquo;asthme et la BPCO.<\/p>\n<p><!-- \/wp:paragraph --><!-- wp:heading {\"level\":5} --><\/p>\n<h5 class=\"wp-block-heading\"><em>3. Dermoscopie<\/em><\/h5>\n<p><img loading=\"lazy\" decoding=\"async\" class=\"alignnone wp-image-765\" src=\"http:\/\/medile.fr\/wp-content\/uploads\/2024\/08\/Dermoscopie-300x167.jpg\" alt=\"\" width=\"600\" height=\"334\" srcset=\"http:\/\/medile.fr\/wp-content\/uploads\/2024\/08\/Dermoscopie-300x167.jpg 300w, http:\/\/medile.fr\/wp-content\/uploads\/2024\/08\/Dermoscopie-768x427.jpg 768w, http:\/\/medile.fr\/wp-content\/uploads\/2024\/08\/Dermoscopie.jpg 800w\" sizes=\"(max-width: 600px) 100vw, 600px\" \/><\/p>\n<p><!-- \/wp:heading --><!-- wp:paragraph --><\/p>\n<p>La dermoscopie est une technique non invasive utilis\u00e9e pour examiner la peau et identifier les l\u00e9sions cutan\u00e9es suspectes. Elle est particuli\u00e8rement efficace pour la d\u00e9tection pr\u00e9coce des cancers de la peau, comme le m\u00e9lanome.<\/p>\n<p><!-- \/wp:paragraph --><!-- wp:heading {\"level\":5} --><\/p>\n<h5 class=\"wp-block-heading\"><em>4. \u00c9lectrocardiogramme (ECG)<\/em><\/h5>\n<p><img loading=\"lazy\" decoding=\"async\" class=\"alignnone wp-image-766\" src=\"http:\/\/medile.fr\/wp-content\/uploads\/2024\/08\/ECG-300x169.jpg\" alt=\"\" width=\"600\" height=\"337\" srcset=\"http:\/\/medile.fr\/wp-content\/uploads\/2024\/08\/ECG-300x169.jpg 300w, http:\/\/medile.fr\/wp-content\/uploads\/2024\/08\/ECG-768x432.jpg 768w, http:\/\/medile.fr\/wp-content\/uploads\/2024\/08\/ECG.jpg 802w\" sizes=\"(max-width: 600px) 100vw, 600px\" \/><\/p>\n<p><!-- \/wp:heading --><!-- wp:paragraph --><\/p>\n<p>L&rsquo;\u00e9lectrocardiogramme est un test qui enregistre l&rsquo;activit\u00e9 \u00e9lectrique du c\u0153ur. Il est crucial pour d\u00e9tecter des anomalies cardiaques telles que l&rsquo;arythmie, les infarctus et d&rsquo;autres conditions cardiovasculaires.<\/p>\n<p><!-- \/wp:paragraph --><!-- wp:heading {\"level\":5} --><\/p>\n<h5 class=\"wp-block-heading\"><em>5. Audiom\u00e9trie<\/em><\/h5>\n<p><img loading=\"lazy\" decoding=\"async\" class=\"alignnone wp-image-767\" src=\"http:\/\/medile.fr\/wp-content\/uploads\/2024\/08\/Audiometrie-300x200.jpg\" alt=\"\" width=\"600\" height=\"400\" srcset=\"http:\/\/medile.fr\/wp-content\/uploads\/2024\/08\/Audiometrie-300x200.jpg 300w, http:\/\/medile.fr\/wp-content\/uploads\/2024\/08\/Audiometrie-768x512.jpg 768w, http:\/\/medile.fr\/wp-content\/uploads\/2024\/08\/Audiometrie.jpg 900w\" sizes=\"(max-width: 600px) 100vw, 600px\" \/><\/p>\n<p><!-- \/wp:heading --><!-- wp:paragraph --><\/p>\n<p>L&rsquo;audiom\u00e9trie est un test auditif permettant de mesurer la capacit\u00e9 auditive. Il est essentiel pour diagnostiquer les pertes auditives et autres troubles de l&rsquo;audition, en particulier chez les personnes \u00e2g\u00e9es.<\/p>\n<p><!-- \/wp:paragraph --><!-- wp:heading {\"level\":5} --><\/p>\n<h5 class=\"wp-block-heading\"><em>6. Imp\u00e9dancem\u00e9trie<\/em><\/h5>\n<p><img decoding=\"async\" src=\"https:\/\/www.materielmedical.fr\/39686-thickbox_default\/balance-impedancemetre-professionnelle-tanita-dc360s.jpg\" alt=\"Balance imp\u00e9dancem\u00e8tre professionnelle Tanita DC-360 S | Materiel M\u00e9dical\" \/><\/p>\n<p><!-- \/wp:heading --><!-- wp:paragraph --><\/p>\n<p>L&rsquo;imp\u00e9dancem\u00e9trie est une m\u00e9thode utilis\u00e9e pour \u00e9valuer la composition corporelle, notamment le pourcentage de graisse corporelle, la masse musculaire et la teneur en eau. Elle est utile pour surveiller la sant\u00e9 m\u00e9tabolique et \u00e9valuer les besoins nutritionnels.<\/p>\n<p><!-- \/wp:paragraph --><!-- wp:heading {\"level\":4} --><\/p>\n<h4 class=\"wp-block-heading\"><em>Pourquoi Choisir Notre Cabinet ?<\/em><\/h4>\n<p><!-- \/wp:heading --><!-- wp:list --><\/p>\n<ul class=\"wp-block-list\">\n<li style=\"list-style-type: none;\">\n<ul class=\"wp-block-list\"><!-- wp:list-item --><\/ul>\n<\/li>\n<\/ul>\n<p>\u00a0<\/p>\n<ul class=\"wp-block-list\">\n<li style=\"list-style-type: none;\">\n<ul class=\"wp-block-list\">\n<li><em>Expertise M\u00e9dicale :<\/em> Nos m\u00e9decins g\u00e9n\u00e9ralistes sont form\u00e9s aux derni\u00e8res technologies et m\u00e9thodes diagnostiques.<\/li>\n<\/ul>\n<\/li>\n<\/ul>\n<p><!-- \/wp:list-item --><!-- wp:list-item --><\/p>\n<ul class=\"wp-block-list\">\n<li style=\"list-style-type: none;\">\n<ul class=\"wp-block-list\">\n<li><em>\u00c9quipement de Pointe :<\/em> Nous investissons dans les technologies les plus avanc\u00e9es pour offrir des soins de qualit\u00e9 sup\u00e9rieure.<\/li>\n<\/ul>\n<\/li>\n<\/ul>\n<p><!-- \/wp:list-item --><!-- wp:list-item --><\/p>\n<ul class=\"wp-block-list\">\n<li style=\"list-style-type: none;\">\n<ul class=\"wp-block-list\">\n<li><em>Approche Personnalis\u00e9e :<\/em> Nous croyons en une m\u00e9decine centr\u00e9e sur le patient, adapt\u00e9e aux besoins individuels.<\/li>\n<\/ul>\n<\/li>\n<\/ul>\n<p><!-- \/wp:list-item --><!-- wp:list-item --><\/p>\n<ul class=\"wp-block-list\">\n<li style=\"list-style-type: none;\">\n<ul class=\"wp-block-list\">\n<li><em>Acc\u00e8s Rapide aux Soins :<\/em> Nos services sont disponibles directement au cabinet, \u00e9vitant ainsi les longs d\u00e9lais d&rsquo;attente pour des tests sp\u00e9cialis\u00e9s.<\/li>\n<\/ul>\n<\/li>\n<\/ul>\n<p><!-- \/wp:list-item --><\/p>\n<p><!-- \/wp:list --><!-- wp:heading {\"level\":4} --><\/p>\n<h4 class=\"wp-block-heading\"><em>Contactez-nous<\/em><\/h4>\n<p><!-- \/wp:heading --><!-- wp:paragraph --><\/p>\n<p>Pour plus d&rsquo;informations ou pour prendre rendez-vous, contactez-nous<\/p>\n<p>au <strong>01 42 43 09 08<\/strong><\/p>\n<p>ou envoyez un <strong>SMS au 07 82 58 29 50<\/strong>,<\/p>\n<p>ou envoyez un e-mail \u00e0 <strong>contact@ouanounou.net<\/strong> .<\/p>\n<p>Nous sommes situ\u00e9s au<\/p>\n<p>9, rue Ren\u00e9 et Isa Lefevre\u00a0<\/p>\n<p>93450 l&rsquo;Ile Saint Denis<\/p>\n<p><!-- \/wp:paragraph --><!-- wp:preformatted --><\/p>\n<pre class=\"wp-block-preformatted\">\u00a0<\/pre>\n<p><!-- \/wp:preformatted --><\/p>\t\t\t\t\t\t<\/div>\n\t\t\t\t<\/div>\n\t\t\t\t\t<\/div>\n\t\t<\/div>\n\t\t\t\t\t<\/div>\n\t\t<\/section>\n\t\t\t\t<\/div>\n\t\t","protected":false},"excerpt":{"rendered":"<p>\u00a0 Introduction Bienvenue sur notre page d\u00e9di\u00e9e \u00e0 la m\u00e9decine g\u00e9n\u00e9rale de pointe. Nous sommes fiers d&rsquo;offrir \u00e0 nos patients des soins de sant\u00e9 complets et innovants, int\u00e9grant les derni\u00e8res avanc\u00e9es technologiques pour une prise en charge optimale. Notre \u00e9quipe utilise des outils modernes pour diagnostiquer et traiter diverses conditions m\u00e9dicales, garantissant des soins pr\u00e9cis [&hellip;]<\/p>\n","protected":false},"author":1,"featured_media":0,"parent":21,"menu_order":0,"comment_status":"closed","ping_status":"closed","template":"","meta":{"inline_featured_image":false,"footnotes":""},"class_list":["post-847","page","type-page","status-publish","hentry"],"_links":{"self":[{"href":"http:\/\/medile.fr\/index.php?rest_route=\/wp\/v2\/pages\/847"}],"collection":[{"href":"http:\/\/medile.fr\/index.php?rest_route=\/wp\/v2\/pages"}],"about":[{"href":"http:\/\/medile.fr\/index.php?rest_route=\/wp\/v2\/types\/page"}],"author":[{"embeddable":true,"href":"http:\/\/medile.fr\/index.php?rest_route=\/wp\/v2\/users\/1"}],"replies":[{"embeddable":true,"href":"http:\/\/medile.fr\/index.php?rest_route=%2Fwp%2Fv2%2Fcomments&post=847"}],"version-history":[{"count":24,"href":"http:\/\/medile.fr\/index.php?rest_route=\/wp\/v2\/pages\/847\/revisions"}],"predecessor-version":[{"id":875,"href":"http:\/\/medile.fr\/index.php?rest_route=\/wp\/v2\/pages\/847\/revisions\/875"}],"up":[{"embeddable":true,"href":"http:\/\/medile.fr\/index.php?rest_route=\/wp\/v2\/pages\/21"}],"wp:attachment":[{"href":"http:\/\/medile.fr\/index.php?rest_route=%2Fwp%2Fv2%2Fmedia&parent=847"}],"curies":[{"name":"wp","href":"https:\/\/api.w.org\/{rel}","templated":true}]}}